{"id":855,"date":"2019-02-24T15:55:15","date_gmt":"2019-02-24T15:55:15","guid":{"rendered":"http:\/\/www.nebenbahn.info\/?page_id=855"},"modified":"2019-05-29T10:53:19","modified_gmt":"2019-05-29T10:53:19","slug":"kinder-und-jugendprogramm","status":"publish","type":"page","link":"https:\/\/www.nebenbahn.info\/?page_id=855","title":{"rendered":"Kinder- und Jugendprogramm"},"content":{"rendered":"\n<h1 class=\"wp-block-heading\">Kinderferienprogramm 2019<\/h1>\n\n\n\n<p>Am 16. August 2019 nehmen die Nebenbahnfreunde  wieder am \nKinderferienprogramm der Stadt Gerabronn teil.  Weiterf\u00fchrend vom KIF \n2018 wollen wir wieder an unserer Modellbahnanlage Heidiland bauen. <\/p>\n\n\n\n<p>Es gibt eine Menge H\u00e4user unter der Bahnplatte zu verdrahten, so dass\n diese Licht erhalten.  Aus Naturmaterialien werden kleine B\u00e4ume und \nB\u00fcsche gebaut. <\/p>\n\n\n\n<p>Um die Steuerung der Anlage mit ihren Weichenstellpulten zu erlernen,\n soll  es einen Wettbewerb unter den Kindern geben, die in  drei Gruppen\n aufgeteilt die intelligentesten Zugabl\u00e4ufe herausfinden.. <\/p>\n\n\n\n<p>Vorgesehen ist, etwa 9 Kinder dazu einzuladen. Toll w\u00e4re es, wenn das\n eine oder andere Kind aus dem KIF 2018 wieder mit an Bord ist, um die \nNeulinge und Unerfahrenen einzuweisen.<\/p>\n\n\n\n<p>Beginn 9 Uhr.  Ende 14 Uhr,  Abschluss mit einem kleinen Grillfest. \nDer Unkostenbeitrag betr\u00e4gt 5 Euro,  womit wir Grillgut, Weckle, \nGetr\u00e4nke und ein Eis f\u00fcr jedes Kind bezahlen.<a href=\"https:\/\/www.nebenbahn.info\/wp-admin\/post.php?post=1066&amp;action=edit\">\u201eKinderferienprogramm 2019\u201c bearbeiten<\/a><\/p>\n","protected":false},"excerpt":{"rendered":"<p>Kinderferienprogramm 2019 Am 16. August 2019 nehmen die Nebenbahnfreunde wieder am Kinderferienprogramm der Stadt Gerabronn teil. Weiterf\u00fchrend vom KIF 2018 wollen wir wieder an unserer Modellbahnanlage Heidiland bauen. Es gibt eine Menge H\u00e4user unter der Bahnplatte zu verdrahten, so dass diese Licht erhalten. Aus Naturmaterialien werden kleine B\u00e4ume und B\u00fcsche gebaut. Um die Steuerung der&hellip;<\/p>\n","protected":false},"author":1,"featured_media":0,"parent":0,"menu_order":0,"comment_status":"closed","ping_status":"closed","template":"","meta":{"ngg_post_thumbnail":0,"footnotes":""},"class_list":["post-855","page","type-page","status-publish","hentry"],"_links":{"self":[{"href":"https:\/\/www.nebenbahn.info\/index.php?rest_route=\/wp\/v2\/pages\/855","targetHints":{"allow":["GET"]}}],"collection":[{"href":"https:\/\/www.nebenbahn.info\/index.php?rest_route=\/wp\/v2\/pages"}],"about":[{"href":"https:\/\/www.nebenbahn.info\/index.php?rest_route=\/wp\/v2\/types\/page"}],"author":[{"embeddable":true,"href":"https:\/\/www.nebenbahn.info\/index.php?rest_route=\/wp\/v2\/users\/1"}],"replies":[{"embeddable":true,"href":"https:\/\/www.nebenbahn.info\/index.php?rest_route=%2Fwp%2Fv2%2Fcomments&post=855"}],"version-history":[{"count":2,"href":"https:\/\/www.nebenbahn.info\/index.php?rest_route=\/wp\/v2\/pages\/855\/revisions"}],"predecessor-version":[{"id":1069,"href":"https:\/\/www.nebenbahn.info\/index.php?rest_route=\/wp\/v2\/pages\/855\/revisions\/1069"}],"wp:attachment":[{"href":"https:\/\/www.nebenbahn.info\/index.php?rest_route=%2Fwp%2Fv2%2Fmedia&parent=855"}],"curies":[{"name":"wp","href":"https:\/\/api.w.org\/{rel}","templated":true}]}}